{"id":3312,"date":"2019-02-26T09:26:38","date_gmt":"2019-02-26T08:26:38","guid":{"rendered":"https:\/\/blog.qualita40.it\/?page_id=3312"},"modified":"2019-05-30T13:54:59","modified_gmt":"2019-05-30T11:54:59","slug":"cosa-facciamo","status":"publish","type":"page","link":"https:\/\/www.qualita40.it\/index.php\/cosa-facciamo\/","title":{"rendered":"Cosa facciamo"},"content":{"rendered":"\t\t<div data-elementor-type=\"wp-post\" data-elementor-id=\"3312\" class=\"elementor elementor-3312\">\n\t\t\t\t\t\t<div class=\"elementor-inner\">\n\t\t\t\t<div class=\"elementor-section-wrap\">\n\t\t\t\t\t\t\t\t\t<section class=\"elementor-section elementor-top-section elementor-element elementor-element-5e8428f3 elementor-section-boxed elementor-section-height-default elementor-section-height-default\" data-id=\"5e8428f3\" data-element_type=\"section\" data-settings=\"{&quot;background_background&quot;:&quot;classic&quot;,&quot;shape_divider_bottom&quot;:&quot;pyramids&quot;,&quot;shape_divider_bottom_negative&quot;:&quot;yes&quot;}\">\n\t\t\t\t\t\t\t<div class=\"elementor-background-overlay\"><\/div>\n\t\t\t\t\t\t<div class=\"elementor-shape elementor-shape-bottom\" data-negative=\"true\">\n\t\t\t<svg xmlns=\"http:\/\/www.w3.org\/2000\/svg\" viewBox=\"0 0 1000 100\" preserveAspectRatio=\"none\">\n\t<path class=\"elementor-shape-fill\" d=\"M761.9,40.6L643.1,24L333.9,93.8L0.1,1H0v99h1000V1\"\/>\n<\/svg>\t\t<\/div>\n\t\t\t\t\t<div class=\"elementor-container elementor-column-gap-default\">\n\t\t\t\t\t\t\t<div class=\"elementor-row\">\n\t\t\t\t\t<div class=\"elementor-column elementor-col-100 elementor-top-column elementor-element elementor-element-1a6aa194\" data-id=\"1a6aa194\" data-element_type=\"column\">\n\t\t\t<div class=\"elementor-column-wrap elementor-element-populated\">\n\t\t\t\t\t\t\t<div class=\"elementor-widget-wrap\">\n\t\t\t\t\t\t<div class=\"elementor-element elementor-element-7b50723 elementor-widget elementor-widget-heading\" data-id=\"7b50723\" data-element_type=\"widget\" data-widget_type=\"heading.default\">\n\t\t\t\t<div class=\"elementor-widget-container\">\n\t\t\t<h2 class=\"elementor-heading-title elementor-size-default\">Come opera la Rete Qualit\u00e0 4.0<\/h2>\t\t<\/div>\n\t\t\t\t<\/div>\n\t\t\t\t\t\t<\/div>\n\t\t\t\t\t<\/div>\n\t\t<\/div>\n\t\t\t\t\t\t\t\t<\/div>\n\t\t\t\t\t<\/div>\n\t\t<\/section>\n\t\t\t\t<section class=\"elementor-section elementor-top-section elementor-element elementor-element-5737961 elementor-section-boxed elementor-section-height-default elementor-section-height-default\" data-id=\"5737961\" data-element_type=\"section\">\n\t\t\t\t\t\t<div class=\"elementor-container elementor-column-gap-default\">\n\t\t\t\t\t\t\t<div class=\"elementor-row\">\n\t\t\t\t\t<div class=\"elementor-column elementor-col-100 elementor-top-column elementor-element elementor-element-a3e8da9\" data-id=\"a3e8da9\" data-element_type=\"column\">\n\t\t\t<div class=\"elementor-column-wrap elementor-element-populated\">\n\t\t\t\t\t\t\t<div class=\"elementor-widget-wrap\">\n\t\t\t\t\t\t<div class=\"elementor-element elementor-element-c7d4046 elementor-widget elementor-widget-text-editor\" data-id=\"c7d4046\" data-element_type=\"widget\" data-widget_type=\"text-editor.default\">\n\t\t\t\t<div class=\"elementor-widget-container\">\n\t\t\t\t\t\t\t\t<div class=\"elementor-text-editor elementor-clearfix\">\n\t\t\t\tLa Rete Qualit\u00e0 4.0 attua un Programma di Rete che si articola su tre assi principali:\n<br><br>\n<strong><span style=\"color: #003366;\">CREIAMO CULTURA<\/span><\/strong>\n<ul>\n \t<li>Definendo metodologie per l\u2019erogazione di servizi basati su strumenti informatici condivisi.<\/li>\n \t<li>Partecipazione ed organizzazione di incontri informativi, eventi, corsi di formazione, fiere e manifestazioni, tavoli tecnici e seminari<\/li>\n<\/ul>\n<strong><span style=\"color: #003366;\">FACCIAMO SINERGIA<\/span><\/strong>\n<ul>\n \t<li>Mettendo in comune informazioni commerciali e tecniche<\/li>\n \t<li>Definizione e condivisione di ruoli ed attivit\u00e0 svolte da ogni impresa aderente<\/li>\n \t<li>Formulazione e condivisione di strategie, piani e procedure comuni per perseguire gli obiettivi strategici<\/li>\n \t<li>Redazione di un piano di promozione e marketing di Rete, linee comuni di marketing, campagne pubblicitarie, utilizzando un marchio comune<\/li>\n \t<li>Collaborazione nella gestione di trattative complesse<\/li>\n<\/ul>\n<strong><span style=\"color: #003366;\">SVILUPPIAMO INNOVAZIONE<\/span><\/strong>\n<ul>\n \t<li>Condivisione di brevetti, marchi e\/o particolari Know-how<\/li>\n \t<li>Condivisione di strumenti informatici e metodologie innovative sia da un punto di vista tecnico, che organizzativo, che di comunicazione<\/li>\n<\/ul>\t\t\t\t\t<\/div>\n\t\t\t\t\t\t<\/div>\n\t\t\t\t<\/div>\n\t\t\t\t\t\t<\/div>\n\t\t\t\t\t<\/div>\n\t\t<\/div>\n\t\t\t\t\t\t\t\t<\/div>\n\t\t\t\t\t<\/div>\n\t\t<\/section>\n\t\t\t\t<section class=\"elementor-section elementor-top-section elementor-element elementor-element-9509f2a elementor-section-boxed elementor-section-height-default elementor-section-height-default\" data-id=\"9509f2a\" data-element_type=\"section\" data-settings=\"{&quot;background_background&quot;:&quot;classic&quot;,&quot;shape_divider_bottom&quot;:&quot;opacity-tilt&quot;}\">\n\t\t\t\t\t<div class=\"elementor-shape elementor-shape-bottom\" data-negative=\"false\">\n\t\t\t<svg xmlns=\"http:\/\/www.w3.org\/2000\/svg\" viewBox=\"0 0 2600 131.1\" preserveAspectRatio=\"none\">\n\t<path class=\"elementor-shape-fill\" d=\"M0 0L2600 0 2600 69.1 0 0z\"\/>\n\t<path class=\"elementor-shape-fill\" style=\"opacity:0.5\" d=\"M0 0L2600 0 2600 69.1 0 69.1z\"\/>\n\t<path class=\"elementor-shape-fill\" style=\"opacity:0.25\" d=\"M2600 0L0 0 0 130.1 2600 69.1z\"\/>\n<\/svg>\t\t<\/div>\n\t\t\t\t\t<div class=\"elementor-container elementor-column-gap-default\">\n\t\t\t\t\t\t\t<div class=\"elementor-row\">\n\t\t\t\t\t<div class=\"elementor-column elementor-col-100 elementor-top-column elementor-element elementor-element-2e2472c\" data-id=\"2e2472c\" data-element_type=\"column\">\n\t\t\t<div class=\"elementor-column-wrap elementor-element-populated\">\n\t\t\t\t\t\t\t<div class=\"elementor-widget-wrap\">\n\t\t\t\t\t\t<div class=\"elementor-element elementor-element-c6560b7 elementor-widget elementor-widget-heading\" data-id=\"c6560b7\" data-element_type=\"widget\" data-widget_type=\"heading.default\">\n\t\t\t\t<div class=\"elementor-widget-container\">\n\t\t\t<h2 class=\"elementor-heading-title elementor-size-default\">Le nostre linee di azione<\/h2>\t\t<\/div>\n\t\t\t\t<\/div>\n\t\t\t\t\t\t<\/div>\n\t\t\t\t\t<\/div>\n\t\t<\/div>\n\t\t\t\t\t\t\t\t<\/div>\n\t\t\t\t\t<\/div>\n\t\t<\/section>\n\t\t\t\t<section class=\"elementor-section elementor-top-section elementor-element elementor-element-2b98b3c9 elementor-section-boxed elementor-section-height-default elementor-section-height-default\" data-id=\"2b98b3c9\" data-element_type=\"section\" data-settings=\"{&quot;background_background&quot;:&quot;classic&quot;}\">\n\t\t\t\t\t\t<div class=\"elementor-container elementor-column-gap-default\">\n\t\t\t\t\t\t\t<div class=\"elementor-row\">\n\t\t\t\t\t<div class=\"elementor-column elementor-col-100 elementor-top-column elementor-element elementor-element-cc5489c\" data-id=\"cc5489c\" data-element_type=\"column\">\n\t\t\t<div class=\"elementor-column-wrap elementor-element-populated\">\n\t\t\t\t\t\t\t<div class=\"elementor-widget-wrap\">\n\t\t\t\t\t\t<div class=\"elementor-element elementor-element-7a034d5 elementor-align-left elementor-icon-list--layout-traditional elementor-list-item-link-full_width elementor-widget elementor-widget-icon-list\" data-id=\"7a034d5\" data-element_type=\"widget\" data-widget_type=\"icon-list.default\">\n\t\t\t\t<div class=\"elementor-widget-container\">\n\t\t\t\t\t<ul class=\"elementor-icon-list-items\">\n\t\t\t\t\t\t\t<li class=\"elementor-icon-list-item\">\n\t\t\t\t\t\t\t\t\t\t\t<span class=\"elementor-icon-list-icon\">\n\t\t\t\t\t\t\t\t\t\t\t\t\t\t\t\t<i class=\"fa fa-university\" aria-hidden=\"true\"><\/i>\n\t\t\t\t\t\t\t\t\t\t\t\t\t<\/span>\n\t\t\t\t\t\t\t\t\t\t<span class=\"elementor-icon-list-text\">CREIAMO CULTURA<\/span>\n\t\t\t\t\t\t\t\t\t<\/li>\n\t\t\t\t\t\t\t\t<li class=\"elementor-icon-list-item\">\n\t\t\t\t\t\t\t\t\t\t\t<span class=\"elementor-icon-list-icon\">\n\t\t\t\t\t\t\t\t\t\t\t\t\t\t\t\t<i class=\"fa fa-comments\" aria-hidden=\"true\"><\/i>\n\t\t\t\t\t\t\t\t\t\t\t\t\t<\/span>\n\t\t\t\t\t\t\t\t\t\t<span class=\"elementor-icon-list-text\">FACCIAMO SINERGIA<\/span>\n\t\t\t\t\t\t\t\t\t<\/li>\n\t\t\t\t\t\t\t\t<li class=\"elementor-icon-list-item\">\n\t\t\t\t\t\t\t\t\t\t\t<span class=\"elementor-icon-list-icon\">\n\t\t\t\t\t\t\t\t\t\t\t\t\t\t\t\t<i class=\"fa fa-wifi\" aria-hidden=\"true\"><\/i>\n\t\t\t\t\t\t\t\t\t\t\t\t\t<\/span>\n\t\t\t\t\t\t\t\t\t\t<span class=\"elementor-icon-list-text\">SVILUPPIAMO INNOVAZIONE<\/span>\n\t\t\t\t\t\t\t\t\t<\/li>\n\t\t\t\t\t\t<\/ul>\n\t\t\t\t<\/div>\n\t\t\t\t<\/div>\n\t\t\t\t\t\t<\/div>\n\t\t\t\t\t<\/div>\n\t\t<\/div>\n\t\t\t\t\t\t\t\t<\/div>\n\t\t\t\t\t<\/div>\n\t\t<\/section>\n\t\t\t\t\t\t\t\t\t<\/div>\n\t\t\t<\/div>\n\t\t\t\t\t<\/div>\n\t\t","protected":false},"excerpt":{"rendered":"<p>Come opera la Rete Qualit\u00e0 4.0 La Rete Qualit\u00e0 4.0 attua un Programma di Rete che si articola su tre assi principali: CREIAMO CULTURA Definendo metodologie per l\u2019erogazione di servizi basati su strumenti informatici condivisi. Partecipazione ed organizzazione di incontri informativi, eventi, corsi di formazione, fiere e manifestazioni, tavoli tecnici e seminari FACCIAMO SINERGIA Mettendo&hellip;<\/p>\n","protected":false},"author":40,"featured_media":0,"parent":0,"menu_order":0,"comment_status":"closed","ping_status":"closed","template":"","meta":{"jetpack_post_was_ever_published":false,"footnotes":""},"yoast_head":"<!-- This site is optimized with the Yoast SEO plugin v24.5 - https:\/\/yoast.com\/wordpress\/plugins\/seo\/ -->\n<title>Cosa facciamo - Qualit\u00e0 4.0<\/title>\n<meta name=\"robots\" content=\"index, follow, max-snippet:-1, max-image-preview:large, max-video-preview:-1\" \/>\n<link rel=\"canonical\" href=\"https:\/\/www.qualita40.it\/index.php\/cosa-facciamo\/\" \/>\n<meta property=\"og:locale\" content=\"it_IT\" \/>\n<meta property=\"og:type\" content=\"article\" \/>\n<meta property=\"og:title\" content=\"Cosa facciamo - Qualit\u00e0 4.0\" \/>\n<meta property=\"og:description\" content=\"Come opera la Rete Qualit\u00e0 4.0 La Rete Qualit\u00e0 4.0 attua un Programma di Rete che si articola su tre assi principali: CREIAMO CULTURA Definendo metodologie per l\u2019erogazione di servizi basati su strumenti informatici condivisi. Partecipazione ed organizzazione di incontri informativi, eventi, corsi di formazione, fiere e manifestazioni, tavoli tecnici e seminari FACCIAMO SINERGIA Mettendo&hellip;\" \/>\n<meta property=\"og:url\" content=\"https:\/\/www.qualita40.it\/index.php\/cosa-facciamo\/\" \/>\n<meta property=\"og:site_name\" content=\"Qualit\u00e0 4.0\" \/>\n<meta property=\"article:modified_time\" content=\"2019-05-30T11:54:59+00:00\" \/>\n<meta name=\"twitter:card\" content=\"summary_large_image\" \/>\n<meta name=\"twitter:label1\" content=\"Tempo di lettura stimato\" \/>\n\t<meta name=\"twitter:data1\" content=\"1 minuto\" \/>\n<script type=\"application\/ld+json\" class=\"yoast-schema-graph\">{\"@context\":\"https:\/\/schema.org\",\"@graph\":[{\"@type\":\"WebPage\",\"@id\":\"https:\/\/www.qualita40.it\/index.php\/cosa-facciamo\/\",\"url\":\"https:\/\/www.qualita40.it\/index.php\/cosa-facciamo\/\",\"name\":\"Cosa facciamo - Qualit\u00e0 4.0\",\"isPartOf\":{\"@id\":\"https:\/\/www.qualita40.it\/#website\"},\"datePublished\":\"2019-02-26T08:26:38+00:00\",\"dateModified\":\"2019-05-30T11:54:59+00:00\",\"breadcrumb\":{\"@id\":\"https:\/\/www.qualita40.it\/index.php\/cosa-facciamo\/#breadcrumb\"},\"inLanguage\":\"it-IT\",\"potentialAction\":[{\"@type\":\"ReadAction\",\"target\":[\"https:\/\/www.qualita40.it\/index.php\/cosa-facciamo\/\"]}]},{\"@type\":\"BreadcrumbList\",\"@id\":\"https:\/\/www.qualita40.it\/index.php\/cosa-facciamo\/#breadcrumb\",\"itemListElement\":[{\"@type\":\"ListItem\",\"position\":1,\"name\":\"Home\",\"item\":\"https:\/\/www.qualita40.it\/\"},{\"@type\":\"ListItem\",\"position\":2,\"name\":\"Cosa facciamo\"}]},{\"@type\":\"WebSite\",\"@id\":\"https:\/\/www.qualita40.it\/#website\",\"url\":\"https:\/\/www.qualita40.it\/\",\"name\":\"Qualit\u00e0 4.0\",\"description\":\"La rivoluzione dei Sistemi di Gestione parte da qui\",\"publisher\":{\"@id\":\"https:\/\/www.qualita40.it\/#organization\"},\"potentialAction\":[{\"@type\":\"SearchAction\",\"target\":{\"@type\":\"EntryPoint\",\"urlTemplate\":\"https:\/\/www.qualita40.it\/?s={search_term_string}\"},\"query-input\":{\"@type\":\"PropertyValueSpecification\",\"valueRequired\":true,\"valueName\":\"search_term_string\"}}],\"inLanguage\":\"it-IT\"},{\"@type\":\"Organization\",\"@id\":\"https:\/\/www.qualita40.it\/#organization\",\"name\":\"Qualit\u00e0 4.0\",\"url\":\"https:\/\/www.qualita40.it\/\",\"logo\":{\"@type\":\"ImageObject\",\"inLanguage\":\"it-IT\",\"@id\":\"https:\/\/www.qualita40.it\/#\/schema\/logo\/image\/\",\"url\":\"https:\/\/i0.wp.com\/www.qualita40.it\/wp-content\/uploads\/2019\/02\/cropped-logo-quadrato.jpg?fit=463%2C414&ssl=1\",\"contentUrl\":\"https:\/\/i0.wp.com\/www.qualita40.it\/wp-content\/uploads\/2019\/02\/cropped-logo-quadrato.jpg?fit=463%2C414&ssl=1\",\"width\":463,\"height\":414,\"caption\":\"Qualit\u00e0 4.0\"},\"image\":{\"@id\":\"https:\/\/www.qualita40.it\/#\/schema\/logo\/image\/\"}}]}<\/script>\n<!-- \/ Yoast SEO plugin. -->","yoast_head_json":{"title":"Cosa facciamo - Qualit\u00e0 4.0","robots":{"index":"index","follow":"follow","max-snippet":"max-snippet:-1","max-image-preview":"max-image-preview:large","max-video-preview":"max-video-preview:-1"},"canonical":"https:\/\/www.qualita40.it\/index.php\/cosa-facciamo\/","og_locale":"it_IT","og_type":"article","og_title":"Cosa facciamo - Qualit\u00e0 4.0","og_description":"Come opera la Rete Qualit\u00e0 4.0 La Rete Qualit\u00e0 4.0 attua un Programma di Rete che si articola su tre assi principali: CREIAMO CULTURA Definendo metodologie per l\u2019erogazione di servizi basati su strumenti informatici condivisi. Partecipazione ed organizzazione di incontri informativi, eventi, corsi di formazione, fiere e manifestazioni, tavoli tecnici e seminari FACCIAMO SINERGIA Mettendo&hellip;","og_url":"https:\/\/www.qualita40.it\/index.php\/cosa-facciamo\/","og_site_name":"Qualit\u00e0 4.0","article_modified_time":"2019-05-30T11:54:59+00:00","twitter_card":"summary_large_image","twitter_misc":{"Tempo di lettura stimato":"1 minuto"},"schema":{"@context":"https:\/\/schema.org","@graph":[{"@type":"WebPage","@id":"https:\/\/www.qualita40.it\/index.php\/cosa-facciamo\/","url":"https:\/\/www.qualita40.it\/index.php\/cosa-facciamo\/","name":"Cosa facciamo - Qualit\u00e0 4.0","isPartOf":{"@id":"https:\/\/www.qualita40.it\/#website"},"datePublished":"2019-02-26T08:26:38+00:00","dateModified":"2019-05-30T11:54:59+00:00","breadcrumb":{"@id":"https:\/\/www.qualita40.it\/index.php\/cosa-facciamo\/#breadcrumb"},"inLanguage":"it-IT","potentialAction":[{"@type":"ReadAction","target":["https:\/\/www.qualita40.it\/index.php\/cosa-facciamo\/"]}]},{"@type":"BreadcrumbList","@id":"https:\/\/www.qualita40.it\/index.php\/cosa-facciamo\/#breadcrumb","itemListElement":[{"@type":"ListItem","position":1,"name":"Home","item":"https:\/\/www.qualita40.it\/"},{"@type":"ListItem","position":2,"name":"Cosa facciamo"}]},{"@type":"WebSite","@id":"https:\/\/www.qualita40.it\/#website","url":"https:\/\/www.qualita40.it\/","name":"Qualit\u00e0 4.0","description":"La rivoluzione dei Sistemi di Gestione parte da qui","publisher":{"@id":"https:\/\/www.qualita40.it\/#organization"},"potentialAction":[{"@type":"SearchAction","target":{"@type":"EntryPoint","urlTemplate":"https:\/\/www.qualita40.it\/?s={search_term_string}"},"query-input":{"@type":"PropertyValueSpecification","valueRequired":true,"valueName":"search_term_string"}}],"inLanguage":"it-IT"},{"@type":"Organization","@id":"https:\/\/www.qualita40.it\/#organization","name":"Qualit\u00e0 4.0","url":"https:\/\/www.qualita40.it\/","logo":{"@type":"ImageObject","inLanguage":"it-IT","@id":"https:\/\/www.qualita40.it\/#\/schema\/logo\/image\/","url":"https:\/\/i0.wp.com\/www.qualita40.it\/wp-content\/uploads\/2019\/02\/cropped-logo-quadrato.jpg?fit=463%2C414&ssl=1","contentUrl":"https:\/\/i0.wp.com\/www.qualita40.it\/wp-content\/uploads\/2019\/02\/cropped-logo-quadrato.jpg?fit=463%2C414&ssl=1","width":463,"height":414,"caption":"Qualit\u00e0 4.0"},"image":{"@id":"https:\/\/www.qualita40.it\/#\/schema\/logo\/image\/"}}]}},"jetpack_sharing_enabled":true,"jetpack_shortlink":"https:\/\/wp.me\/P6YaYP-Rq","jetpack-related-posts":[],"jetpack_likes_enabled":true,"_links":{"self":[{"href":"https:\/\/www.qualita40.it\/index.php\/wp-json\/wp\/v2\/pages\/3312"}],"collection":[{"href":"https:\/\/www.qualita40.it\/index.php\/wp-json\/wp\/v2\/pages"}],"about":[{"href":"https:\/\/www.qualita40.it\/index.php\/wp-json\/wp\/v2\/types\/page"}],"author":[{"embeddable":true,"href":"https:\/\/www.qualita40.it\/index.php\/wp-json\/wp\/v2\/users\/40"}],"replies":[{"embeddable":true,"href":"https:\/\/www.qualita40.it\/index.php\/wp-json\/wp\/v2\/comments?post=3312"}],"version-history":[{"count":0,"href":"https:\/\/www.qualita40.it\/index.php\/wp-json\/wp\/v2\/pages\/3312\/revisions"}],"wp:attachment":[{"href":"https:\/\/www.qualita40.it\/index.php\/wp-json\/wp\/v2\/media?parent=3312"}],"curies":[{"name":"wp","href":"https:\/\/api.w.org\/{rel}","templated":true}]}}